{"id":857,"date":"2022-08-10T10:17:37","date_gmt":"2022-08-10T08:17:37","guid":{"rendered":"https:\/\/modulocoop.fr\/?page_id=857"},"modified":"2026-04-13T11:43:42","modified_gmt":"2026-04-13T09:43:42","slug":"animation-collectif-roles-implicites","status":"publish","type":"page","link":"https:\/\/laserfouette.fr\/index.php\/ressources-outils-animation-cooperation\/animation-collectif-roles-implicites\/","title":{"rendered":"Plong\u00e9e dans les r\u00f4les implicites"},"content":{"rendered":"\n<figure data-wp-context=\"{&quot;imageId&quot;:&quot;69f3b04db060f&quot;}\" data-wp-interactive=\"core\/image\" data-wp-key=\"69f3b04db060f\" class=\"wp-block-image size-large wp-lightbox-container\"><img data-opt-id=525306240  fetchpriority=\"high\" decoding=\"async\" width=\"1024\" height=\"768\" data-wp-class--hide=\"state.isContentHidden\" data-wp-class--show=\"state.isContentVisible\" data-wp-init=\"callbacks.setButtonStyles\" data-wp-on--click=\"actions.showLightbox\" data-wp-on--load=\"callbacks.setButtonStyles\" data-wp-on-window--resize=\"callbacks.setButtonStyles\" src=\"https:\/\/mluknvwbnyjc.i.optimole.com\/w:1024\/h:768\/q:mauto\/f:best\/https:\/\/laserfouette.fr\/wp-content\/uploads\/2022\/08\/Plongee-RS-scaled-1.jpg\" alt=\"10 r\u00f4les symbolis\u00e9 par des animaux marins\" class=\"wp-image-849\" srcset=\"https:\/\/mluknvwbnyjc.i.optimole.com\/w:1024\/h:768\/q:mauto\/f:best\/https:\/\/laserfouette.fr\/wp-content\/uploads\/2022\/08\/Plongee-RS-scaled-1.jpg 1024w, https:\/\/mluknvwbnyjc.i.optimole.com\/w:300\/h:225\/q:mauto\/f:best\/https:\/\/laserfouette.fr\/wp-content\/uploads\/2022\/08\/Plongee-RS-scaled-1.jpg 300w, https:\/\/mluknvwbnyjc.i.optimole.com\/w:768\/h:576\/q:mauto\/f:best\/https:\/\/laserfouette.fr\/wp-content\/uploads\/2022\/08\/Plongee-RS-scaled-1.jpg 768w, https:\/\/mluknvwbnyjc.i.optimole.com\/w:1536\/h:1152\/q:mauto\/f:best\/https:\/\/laserfouette.fr\/wp-content\/uploads\/2022\/08\/Plongee-RS-scaled-1.jpg 1536w, https:\/\/mluknvwbnyjc.i.optimole.com\/w:1920\/h:1440\/q:mauto\/f:best\/https:\/\/laserfouette.fr\/wp-content\/uploads\/2022\/08\/Plongee-RS-scaled-1.jpg 2048w\" sizes=\"(max-width: 1000px) 100vw, 1000px\" \/><button\n\t\t\tclass=\"lightbox-trigger\"\n\t\t\ttype=\"button\"\n\t\t\taria-haspopup=\"dialog\"\n\t\t\taria-label=\"Agrandir\"\n\t\t\tdata-wp-init=\"callbacks.initTriggerButton\"\n\t\t\tdata-wp-on--click=\"actions.showLightbox\"\n\t\t\tdata-wp-style--right=\"state.imageButtonRight\"\n\t\t\tdata-wp-style--top=\"state.imageButtonTop\"\n\t\t>\n\t\t\t<svg xmlns=\"http:\/\/www.w3.org\/2000\/svg\" width=\"12\" height=\"12\" fill=\"none\" viewBox=\"0 0 12 12\">\n\t\t\t\t<path fill=\"#fff\" d=\"M2 0a2 2 0 0 0-2 2v2h1.5V2a.5.5 0 0 1 .5-.5h2V0H2Zm2 10.5H2a.5.5 0 0 1-.5-.5V8H0v2a2 2 0 0 0 2 2h2v-1.5ZM8 12v-1.5h2a.5.5 0 0 0 .5-.5V8H12v2a2 2 0 0 1-2 2H8Zm2-12a2 2 0 0 1 2 2v2h-1.5V2a.5.5 0 0 0-.5-.5H8V0h2Z\" \/>\n\t\t\t<\/svg>\n\t\t<\/button><\/figure>\n\n\n\n<h2 class=\"wp-block-heading\">Les r\u00f4les implicites c&rsquo;est quoi ?<\/h2>\n\n\n\n<p>Qu&rsquo;est-ce que mon r\u00f4le implicite ? Ce sont les comportements et les postures que j&rsquo;adopte dans un groupe, dans un contexte donn\u00e9. Ce n&rsquo;est pas mon r\u00f4le fonctionnel (comme \u00ab\u00a0organisatrice\u00a0\u00bb ou \u00ab\u00a0secr\u00e9taire\u00a0\u00bb), qui est explicite ! Mon r\u00f4le implicite est plus subtil&#8230; et souvent plus important que mon r\u00f4le explicite.<\/p>\n\n\n\n<p>Les r\u00f4les implicites sont souvent ignor\u00e9s, car il n&rsquo;y a pas de mots pour les d\u00e9signer. Pourtant, <strong>ces courants structurent le groupe<\/strong> \u2013 par exemple, la r\u00e9partition des pouvoirs.<\/p>\n\n\n\n<p>C&rsquo;est pour cela que je te propose un support, beau et ludique, pour pouvoir plonger dans les r\u00f4les implicites.<\/p>\n\n\n\n<figure class=\"wp-block-pullquote\"><blockquote><p>\u00ab Pour que chacun puisse s\u2019int\u00e9grer \u00e0 un groupe donn\u00e9 et prendre part \u00e0 ses activit\u00e9s, la structure de ce groupe doit \u00eatre explicite, pas implicite. \u00bb<\/p><cite>\u00a0<br>Jo Freeman, la tyrannie de l&rsquo;horizontalit\u00c9<\/cite><\/blockquote><\/figure>\n\n\n\n<h2 class=\"wp-block-heading\">Un kit comme support \u00e0 la discussion<\/h2>\n\n\n\n<p>J&rsquo;ai con\u00e7u cet outil dans l&rsquo;id\u00e9e d&rsquo;accompagner des groupes sur la questions des r\u00f4les implicites.<\/p>\n\n\n\n<p>Pour cela, je me suis inspir\u00e9e notamment des travaux de Starhawk dans <em>R\u00eaver l&rsquo;Obscur<\/em>, ainsi que de David Vercauteren dans <em>Micropolitiques des groupes<\/em>.<\/p>\n\n\n\n<p>Je propose 10 arch\u00e9types de r\u00f4le, repr\u00e9sent\u00e9 par des animaux marins. Chaque animal a sa carte qui le d\u00e9crit, et explique comment il peut \u00eatre mis au service du groupe.<\/p>\n\n\n\n<p>Il n\u2019y a pas de \u00ab r\u00e8gle du jeu \u00bb, ni d\u2019utilisation prescrite. Libre \u00e0 vous de l\u2019adapter aux personnes concern\u00e9es et aux enjeux du collectif !<\/p>\n\n\n\n<div class=\"wp-block-group alignfull has-ti-fg-alt-color has-ti-bg-inv-background-color has-text-color has-background has-link-color wp-elements-395009a47d5f4397fac6c57157defec3 is-content-justification-center is-layout-constrained wp-block-group-is-layout-constrained\" style=\"margin-top:0px;margin-bottom:0px;padding-top:0px;padding-bottom:0px\">\n<div class=\"wp-block-columns alignfull has-ti-bg-background-color has-background is-layout-flex wp-container-core-columns-is-layout-aca22cf8 wp-block-columns-is-layout-flex\">\n<div class=\"wp-block-column is-vertically-aligned-center is-layout-flow wp-block-column-is-layout-flow\" style=\"padding-top:40px;padding-right:40px;padding-bottom:40px;padding-left:40px\">\n<div class=\"wp-block-group is-content-justification-right is-layout-constrained wp-container-core-group-is-layout-b56c975b wp-block-group-is-layout-constrained\">\n<h2 class=\"wp-block-heading has-ti-accent-color has-text-color has-link-color wp-elements-b21e645c3fddd08bdc30067b85724630\">Le kit comprend :<\/h2>\n\n\n\n<ul class=\"wp-block-list\">\n<li class=\"has-ti-accent-color has-text-color has-link-color wp-elements-b1904ce36c9cfd0c1760b08951ef6ba6\">Une affiche en format A1 qui pr\u00e9sente tous les r\u00f4les symbolis\u00e9s par des animaux marins<\/li>\n\n\n\n<li class=\"has-ti-accent-color has-text-color has-link-color wp-elements-54b596a678f5eaa906af123079a3d6be\">Un jeu de 10 cartes d\u00e9taillant chaque r\u00f4le, et comment celui-ci peut venir soutenir le groupe<\/li>\n\n\n\n<li class=\"has-ti-accent-color has-text-color has-link-color wp-elements-25878465373e3921345885f5d7939d4d\">Une carte explicative, avec des pistes d&rsquo;animation<\/li>\n<\/ul>\n<\/div>\n<\/div>\n\n\n\n<div class=\"wp-block-column is-layout-flow wp-block-column-is-layout-flow\">\n<div class=\"wp-block-cover\" style=\"border-top-left-radius:45px;border-top-right-radius:45px;border-bottom-left-radius:45px;border-bottom-right-radius:45px;min-height:567px;aspect-ratio:unset;\"><img data-opt-id=1970221207  fetchpriority=\"high\" decoding=\"async\" width=\"1024\" height=\"768\" class=\"wp-block-cover__image-background wp-image-860 size-full\" alt=\"\" src=\"https:\/\/mluknvwbnyjc.i.optimole.com\/w:auto\/h:auto\/q:mauto\/f:best\/https:\/\/laserfouette.fr\/wp-content\/uploads\/2022\/08\/Cartes-roles.jpg\" style=\"object-position:60% 59%\" data-object-fit=\"cover\" data-object-position=\"60% 59%\" srcset=\"https:\/\/mluknvwbnyjc.i.optimole.com\/w:1024\/h:768\/q:mauto\/f:best\/https:\/\/laserfouette.fr\/wp-content\/uploads\/2022\/08\/Cartes-roles.jpg 1024w, https:\/\/mluknvwbnyjc.i.optimole.com\/w:300\/h:225\/q:mauto\/f:best\/https:\/\/laserfouette.fr\/wp-content\/uploads\/2022\/08\/Cartes-roles.jpg 300w, https:\/\/mluknvwbnyjc.i.optimole.com\/w:768\/h:576\/q:mauto\/f:best\/https:\/\/laserfouette.fr\/wp-content\/uploads\/2022\/08\/Cartes-roles.jpg 768w\" sizes=\"(max-width: 1000px) 100vw, 1000px\" \/><span aria-hidden=\"true\" class=\"wp-block-cover__background has-background-dim-40 has-background-dim wp-block-cover__gradient-background has-background-gradient has-luminous-dusk-gradient-background\"><\/span><div class=\"wp-block-cover__inner-container is-layout-flow wp-block-cover-is-layout-flow\">\n<p class=\"has-text-align-center\">Pour commander le kit, envoie un message \u00e0 <strong>apolline@laserfouette.fr<\/strong><\/p>\n<\/div><\/div>\n<\/div>\n<\/div>\n<\/div>\n\n\n\n<p>Pour commander le kit, envoie un message \u00e0 apolline@laserfouette.fr<\/p>\n\n\n\n<h2 class=\"wp-block-heading\">D\u00e9couvrir le kit via un<br>atelier<\/h2>\n\n\n\n<p>Ton \u00e9quipe aurait besoin d&rsquo;un temps sur la question des r\u00f4les mais tu ne sait pas par quel bout le prendre ? Je te propose de venir avec le kit et l&rsquo;animer !<\/p>\n\n\n\n<p>Ce sera un atelier sur mesure, adapt\u00e9 aux enjeux de ton collectif : deux heures pour discuter, prendre du recul, d\u00e9nouer des situations qui touchent aux r\u00f4les personnels etc.<\/p>\n\n\n\n<p>Contacte-moi pour en savoir plus.<\/p>\n","protected":false},"excerpt":{"rendered":"<p>Les r\u00f4les implicites c&rsquo;est quoi ? Qu&rsquo;est-ce que mon r\u00f4le implicite ? Ce sont les comportements et les postures que j&rsquo;adopte dans un groupe, dans un contexte donn\u00e9. Ce n&rsquo;est pas mon r\u00f4le fonctionnel (comme \u00ab\u00a0organisatrice\u00a0\u00bb ou \u00ab\u00a0secr\u00e9taire\u00a0\u00bb), qui est explicite ! Mon r\u00f4le implicite est plus subtil&#8230; et souvent plus important que mon r\u00f4le [&hellip;]<\/p>\n","protected":false},"author":1,"featured_media":858,"parent":223,"menu_order":2,"comment_status":"closed","ping_status":"closed","template":"","meta":{"footnotes":""},"class_list":["post-857","page","type-page","status-publish","has-post-thumbnail","hentry"],"_links":{"self":[{"href":"https:\/\/laserfouette.fr\/index.php\/wp-json\/wp\/v2\/pages\/857","targetHints":{"allow":["GET"]}}],"collection":[{"href":"https:\/\/laserfouette.fr\/index.php\/wp-json\/wp\/v2\/pages"}],"about":[{"href":"https:\/\/laserfouette.fr\/index.php\/wp-json\/wp\/v2\/types\/page"}],"author":[{"embeddable":true,"href":"https:\/\/laserfouette.fr\/index.php\/wp-json\/wp\/v2\/users\/1"}],"replies":[{"embeddable":true,"href":"https:\/\/laserfouette.fr\/index.php\/wp-json\/wp\/v2\/comments?post=857"}],"version-history":[{"count":3,"href":"https:\/\/laserfouette.fr\/index.php\/wp-json\/wp\/v2\/pages\/857\/revisions"}],"predecessor-version":[{"id":1919,"href":"https:\/\/laserfouette.fr\/index.php\/wp-json\/wp\/v2\/pages\/857\/revisions\/1919"}],"up":[{"embeddable":true,"href":"https:\/\/laserfouette.fr\/index.php\/wp-json\/wp\/v2\/pages\/223"}],"wp:featuredmedia":[{"embeddable":true,"href":"https:\/\/laserfouette.fr\/index.php\/wp-json\/wp\/v2\/media\/858"}],"wp:attachment":[{"href":"https:\/\/laserfouette.fr\/index.php\/wp-json\/wp\/v2\/media?parent=857"}],"curies":[{"name":"wp","href":"https:\/\/api.w.org\/{rel}","templated":true}]}}