{"id":226,"date":"2021-04-09T15:07:20","date_gmt":"2021-04-09T13:07:20","guid":{"rendered":"http:\/\/modulocoop.fr\/?page_id=226"},"modified":"2026-04-13T14:53:26","modified_gmt":"2026-04-13T12:53:26","slug":"newsletter-cooperation-outils","status":"publish","type":"page","link":"https:\/\/laserfouette.fr\/index.php\/newsletter-cooperation-outils\/","title":{"rendered":"Infolettre"},"content":{"rendered":"\n<div class=\"wp-block-cover\" style=\"border-top-left-radius:45px;border-top-right-radius:45px;border-bottom-left-radius:45px;border-bottom-right-radius:45px;min-height:396px;aspect-ratio:unset;\"><img data-opt-id=1608031294  fetchpriority=\"high\" decoding=\"async\" width=\"768\" height=\"576\" class=\"wp-block-cover__image-background wp-image-1652 size-full\" alt=\"\" src=\"https:\/\/mluknvwbnyjc.i.optimole.com\/w:auto\/h:auto\/q:mauto\/f:best\/https:\/\/laserfouette.fr\/wp-content\/uploads\/2026\/01\/hvXCu3MTRC24ZgCrUtwDg_thumb_5f-edited.jpg\" style=\"object-position:16% 36%\" data-object-fit=\"cover\" data-object-position=\"16% 36%\" srcset=\"https:\/\/mluknvwbnyjc.i.optimole.com\/w:768\/h:576\/q:mauto\/f:best\/https:\/\/laserfouette.fr\/wp-content\/uploads\/2026\/01\/hvXCu3MTRC24ZgCrUtwDg_thumb_5f-edited.jpg 768w, https:\/\/mluknvwbnyjc.i.optimole.com\/w:300\/h:225\/q:mauto\/f:best\/https:\/\/laserfouette.fr\/wp-content\/uploads\/2026\/01\/hvXCu3MTRC24ZgCrUtwDg_thumb_5f-edited.jpg 300w\" sizes=\"(max-width: 768px) 100vw, 768px\" \/><span aria-hidden=\"true\" class=\"wp-block-cover__background has-background-dim wp-block-cover__gradient-background has-background-gradient has-luminous-dusk-gradient-background\"><\/span><div class=\"wp-block-cover__inner-container is-layout-constrained wp-block-cover-is-layout-constrained\">\n<p class=\"has-text-align-center has-large-font-size\"><strong>Abonne-toi \u00e0 la lettre des pouvoirs collectifs<\/strong><\/p>\n<\/div><\/div>\n\n\n\n<p>Cette infolettre s&rsquo;adresse aux personnes qui sont engag\u00e9es dans un collectif au quotidien. Elle a pour intention de d\u00e9velopper une culture du collectif et de l&rsquo;organisation, notamment dans les associations. <\/p>\n\n\n\n<p>Elle para\u00eet tous les trois mois, parfois un peu plus souvent si l&rsquo;inspiration est au rendez-vous. Tu y trouveras principalement les \u00e9l\u00e9ments suivants :<\/p>\n\n\n\n<ul class=\"wp-block-list\">\n<li>Une r\u00e9flexion, un partage d&rsquo;exp\u00e9rience sur un sujet li\u00e9 au collectif&nbsp;<\/li>\n\n\n\n<li>Des ressources et des outils pour t&rsquo;aider \u00e0 approfondir ce sujet et passer \u00e0 l&rsquo;action&nbsp;<\/li>\n\n\n\n<li>Des pistes pour te former <\/li>\n<\/ul>\n\n\n\n<p>Pour s&rsquo;abonner, c&rsquo;est par ici : <\/p>\n\n\n<style id=\"wpforms-css-vars-1875-block-e0ecee4f-b832-403e-a33d-a0578d2851af\">\n\t\t\t\t#wpforms-1875.wpforms-block-e0ecee4f-b832-403e-a33d-a0578d2851af {\n\t\t\t\t--wpforms-button-background-color: #07705b;\n--wpforms-field-size-input-height: 43px;\n--wpforms-field-size-input-spacing: 15px;\n--wpforms-field-size-font-size: 16px;\n--wpforms-field-size-line-height: 19px;\n--wpforms-field-size-padding-h: 14px;\n--wpforms-field-size-checkbox-size: 16px;\n--wpforms-field-size-sublabel-spacing: 5px;\n--wpforms-field-size-icon-size: 1;\n--wpforms-label-size-font-size: 16px;\n--wpforms-label-size-line-height: 19px;\n--wpforms-label-size-sublabel-font-size: 14px;\n--wpforms-label-size-sublabel-line-height: 17px;\n--wpforms-button-size-font-size: 17px;\n--wpforms-button-size-height: 41px;\n--wpforms-button-size-padding-h: 15px;\n--wpforms-button-size-margin-top: 10px;\n\t\t\t}\n\t\t\t<\/style><div class=\"wpforms-container wpforms-container-full wpforms-block wpforms-block-e0ecee4f-b832-403e-a33d-a0578d2851af iframe srchttpsapollinerochesubstackcomembed width480 height150 styleborder 1px solid EEE background white frameborder0 scrollingnoiframe wpforms-render-modern\" id=\"wpforms-1875\"><form id=\"wpforms-form-1875\" class=\"wpforms-validate wpforms-form wpforms-ajax-form\" data-formid=\"1875\" method=\"post\" enctype=\"multipart\/form-data\" action=\"\/index.php\/wp-json\/wp\/v2\/pages\/226\" data-token=\"b3f774340cbff59482d59af16e2e80be\" data-token-time=\"1777572875\"><noscript class=\"wpforms-error-noscript\">Veuillez activer JavaScript dans votre navigateur pour remplir ce formulaire.<\/noscript><div id=\"wpforms-error-noscript\" style=\"display: none;\">Veuillez activer JavaScript dans votre navigateur pour remplir ce formulaire.<\/div><div class=\"wpforms-field-container\">\t\t<div id=\"wpforms-1875-field_3-container\"\n\t\t\tclass=\"wpforms-field wpforms-field-text\"\n\t\t\tdata-field-type=\"text\"\n\t\t\tdata-field-id=\"3\"\n\t\t\t>\n\t\t\t<label class=\"wpforms-field-label\" for=\"wpforms-1875-field_3\" >Email Nom<\/label>\n\t\t\t<input type=\"text\" id=\"wpforms-1875-field_3\" class=\"wpforms-field-medium\" name=\"wpforms[fields][3]\" >\n\t\t<\/div>\n\t\t<div id=\"wpforms-1875-field_1-container\" class=\"wpforms-field wpforms-field-name\" data-field-id=\"1\"><label class=\"wpforms-field-label\" for=\"wpforms-1875-field_1\">Nom <span class=\"wpforms-required-label\" aria-hidden=\"true\">*<\/span><\/label><input type=\"text\" id=\"wpforms-1875-field_1\" class=\"wpforms-field-medium wpforms-field-required\" name=\"wpforms[fields][1]\" aria-errormessage=\"wpforms-1875-field_1-error\" required><\/div><div id=\"wpforms-1875-field_2-container\" class=\"wpforms-field wpforms-field-email\" data-field-id=\"2\"><label class=\"wpforms-field-label\" for=\"wpforms-1875-field_2\">Email <span class=\"wpforms-required-label\" aria-hidden=\"true\">*<\/span><\/label><input type=\"email\" id=\"wpforms-1875-field_2\" class=\"wpforms-field-medium wpforms-field-required\" name=\"wpforms[fields][2]\" spellcheck=\"false\" aria-errormessage=\"wpforms-1875-field_2-error\" required><\/div><script>\n\t\t\t\t( function() {\n\t\t\t\t\tconst style = document.createElement( 'style' );\n\t\t\t\t\tstyle.appendChild( document.createTextNode( '#wpforms-1875-field_3-container { position: absolute !important; overflow: hidden !important; display: inline !important; height: 1px !important; width: 1px !important; z-index: -1000 !important; padding: 0 !important; } #wpforms-1875-field_3-container input { visibility: hidden; } #wpforms-conversational-form-page #wpforms-1875-field_3-container label { counter-increment: none; }' ) );\n\t\t\t\t\tdocument.head.appendChild( style );\n\t\t\t\t\tdocument.currentScript?.remove();\n\t\t\t\t} )();\n\t\t\t<\/script><\/div><!-- .wpforms-field-container --><div class=\"wpforms-submit-container\" ><input type=\"hidden\" name=\"wpforms[id]\" value=\"1875\"><input type=\"hidden\" name=\"page_title\" value=\"\"><input type=\"hidden\" name=\"page_url\" value=\"https:\/\/laserfouette.fr\/index.php\/wp-json\/wp\/v2\/pages\/226\"><input type=\"hidden\" name=\"url_referer\" value=\"\"><button type=\"submit\" name=\"wpforms[submit]\" id=\"wpforms-submit-1875\" class=\"wpforms-submit iframe srchttpsapollinerochesubstackcomembed width480 height320 styleborder 1px solid EEE background white frameborder0 scrollingnoiframe\" data-alt-text=\"Envoi en cours \" data-submit-text=\"S&#039;abonner\" aria-live=\"assertive\" value=\"wpforms-submit\">S&#039;abonner<\/button><img data-opt-id=955009146  fetchpriority=\"high\" decoding=\"async\" src=\"https:\/\/mluknvwbnyjc.i.optimole.com\/w:auto\/h:auto\/q:mauto\/f:best\/ig:avif\/https:\/\/laserfouette.fr\/wp-content\/plugins\/wpforms-lite\/assets\/images\/submit-spin.svg\" class=\"wpforms-submit-spinner\" style=\"display: none;\" width=\"26\" height=\"26\" alt=\"Chargement en cours\"><\/div><\/form><\/div>  <!-- .wpforms-container -->","protected":false},"excerpt":{"rendered":"<p>Cette infolettre s&rsquo;adresse aux personnes qui sont engag\u00e9es dans un collectif au quotidien. Elle a pour intention de d\u00e9velopper une culture du collectif et de l&rsquo;organisation, notamment dans les associations. Elle para\u00eet tous les trois mois, parfois un peu plus souvent si l&rsquo;inspiration est au rendez-vous. Tu y trouveras principalement les \u00e9l\u00e9ments suivants : Pour [&hellip;]<\/p>\n","protected":false},"author":1,"featured_media":161,"parent":0,"menu_order":0,"comment_status":"closed","ping_status":"closed","template":"","meta":{"footnotes":""},"class_list":["post-226","page","type-page","status-publish","has-post-thumbnail","hentry"],"_links":{"self":[{"href":"https:\/\/laserfouette.fr\/index.php\/wp-json\/wp\/v2\/pages\/226","targetHints":{"allow":["GET"]}}],"collection":[{"href":"https:\/\/laserfouette.fr\/index.php\/wp-json\/wp\/v2\/pages"}],"about":[{"href":"https:\/\/laserfouette.fr\/index.php\/wp-json\/wp\/v2\/types\/page"}],"author":[{"embeddable":true,"href":"https:\/\/laserfouette.fr\/index.php\/wp-json\/wp\/v2\/users\/1"}],"replies":[{"embeddable":true,"href":"https:\/\/laserfouette.fr\/index.php\/wp-json\/wp\/v2\/comments?post=226"}],"version-history":[{"count":10,"href":"https:\/\/laserfouette.fr\/index.php\/wp-json\/wp\/v2\/pages\/226\/revisions"}],"predecessor-version":[{"id":1930,"href":"https:\/\/laserfouette.fr\/index.php\/wp-json\/wp\/v2\/pages\/226\/revisions\/1930"}],"wp:featuredmedia":[{"embeddable":true,"href":"https:\/\/laserfouette.fr\/index.php\/wp-json\/wp\/v2\/media\/161"}],"wp:attachment":[{"href":"https:\/\/laserfouette.fr\/index.php\/wp-json\/wp\/v2\/media?parent=226"}],"curies":[{"name":"wp","href":"https:\/\/api.w.org\/{rel}","templated":true}]}}