{"id":1582,"date":"2021-02-25T13:37:12","date_gmt":"2021-02-25T12:37:12","guid":{"rendered":"http:\/\/modulocoop.fr\/?page_id=5"},"modified":"2026-01-29T11:06:43","modified_gmt":"2026-01-29T10:06:43","slug":"formation-ess-cooperation-collectif","status":"publish","type":"page","link":"https:\/\/laserfouette.fr\/","title":{"rendered":"Accueil"},"content":{"rendered":"<p>&nbsp;<\/p>\n<p><a href=\"https:\/\/laserfouette.fr\/formations-accompagnements\/\"><br \/>\nJe d\u00e9couvre les interventions<br \/>\n<\/a><\/p>\n<figure><a href=\"https:\/\/laserfouette.fr\/ressources-outils-animation-cooperation\/animation-collectif-roles-implicites\/\">\u00a0<\/a><\/figure>\n<h2>R\u00e9v\u00e8le les pouvoirs de ton collectif !<\/h2>\n<p style=\"text-align: center;\"><b>\u00a0<\/b><\/p>\n<p style=\"text-align: center;\"><b>Re\u00e7ois tous les mois des ressources d\u00e9di\u00e9es \u00e0 l&rsquo;animation de collectifs solidaires\u00a0<\/b><\/p>\n<p><!-- Begin Mailchimp Signup Form --> <\/p>\n<style type=\"text\/css\">\n\t#mc_embed_signup{background:#fff; clear:left; font:14px Helvetica,Arial,sans-serif; }<br \/>\n\t\/* Add your own Mailchimp form style overrides in your site stylesheet or in this style block.<br \/>\n\t   We recommend moving this block and the preceding CSS link to the HEAD of your HTML file. *\/<br \/>\n<\/style>\n<form id=\"mc-embedded-subscribe-form\" action=\"https:\/\/modulocoop.us1.list-manage.com\/subscribe\/post?u=e440e52a74d47fb19a913a01b&amp;id=6fcc5a194f\" method=\"post\" name=\"mc-embedded-subscribe-form\" novalidate=\"\" target=\"_blank\">\n<h2>Abonne-toi \u00e0 la lettre des pouvoirs collectifs<\/h2>\n<p>* indicates required<br \/>\n<label for=\"mce-EMAIL\">Adresse e-mail *<br \/>\n<\/label><br \/>\n<input id=\"mce-EMAIL\" name=\"EMAIL\" type=\"email\" value=\"\" \/><br \/>\n<label for=\"mce-PRENOM\">Pr\u00e9nom *<br \/>\n<\/label><br \/>\n<input id=\"mce-PRENOM\" name=\"PRENOM\" type=\"text\" value=\"\" \/><br \/>\n<label for=\"mce-NOM\">Nom <\/label><br \/>\n<input id=\"mce-NOM\" name=\"NOM\" type=\"text\" value=\"\" \/><br \/>\n<!-- real people should not fill this in and expect good things - do not remove this or risk form bot signups--><br \/>\n<input tabindex=\"-1\" name=\"b_e440e52a74d47fb19a913a01b_6fcc5a194f\" type=\"text\" value=\"\" \/><br \/>\n<input id=\"mc-embedded-subscribe\" name=\"subscribe\" type=\"submit\" value=\"Subscribe\" \/><\/p>\n<\/form>\n<p><!--End mc_embed_signup--><br \/>\n<a href=\"http:\/\/modulocoop.fr\/newsletter-cooperation-acteurs-ess\/#\"><br \/>\nLa lettre des pouvoirs collectifs<br \/>\n<\/a><\/p>\n","protected":false},"excerpt":{"rendered":"<p>&nbsp; Je d\u00e9couvre les interventions \u00a0 R\u00e9v\u00e8le les pouvoirs de ton collectif ! \u00a0 Re\u00e7ois tous les mois des ressources d\u00e9di\u00e9es \u00e0 l&rsquo;animation de collectifs solidaires\u00a0 Abonne-toi \u00e0 la lettre des pouvoirs collectifs * indicates required Adresse e-mail * Pr\u00e9nom * Nom La lettre des pouvoirs collectifs<\/p>\n","protected":false},"author":1,"featured_media":1613,"parent":0,"menu_order":0,"comment_status":"closed","ping_status":"closed","template":"","meta":{"footnotes":""},"class_list":["post-1582","page","type-page","status-publish","has-post-thumbnail","hentry"],"_links":{"self":[{"href":"https:\/\/laserfouette.fr\/index.php\/wp-json\/wp\/v2\/pages\/1582","targetHints":{"allow":["GET"]}}],"collection":[{"href":"https:\/\/laserfouette.fr\/index.php\/wp-json\/wp\/v2\/pages"}],"about":[{"href":"https:\/\/laserfouette.fr\/index.php\/wp-json\/wp\/v2\/types\/page"}],"author":[{"embeddable":true,"href":"https:\/\/laserfouette.fr\/index.php\/wp-json\/wp\/v2\/users\/1"}],"replies":[{"embeddable":true,"href":"https:\/\/laserfouette.fr\/index.php\/wp-json\/wp\/v2\/comments?post=1582"}],"version-history":[{"count":1,"href":"https:\/\/laserfouette.fr\/index.php\/wp-json\/wp\/v2\/pages\/1582\/revisions"}],"predecessor-version":[{"id":1614,"href":"https:\/\/laserfouette.fr\/index.php\/wp-json\/wp\/v2\/pages\/1582\/revisions\/1614"}],"wp:featuredmedia":[{"embeddable":true,"href":"https:\/\/laserfouette.fr\/index.php\/wp-json\/wp\/v2\/media\/1613"}],"wp:attachment":[{"href":"https:\/\/laserfouette.fr\/index.php\/wp-json\/wp\/v2\/media?parent=1582"}],"curies":[{"name":"wp","href":"https:\/\/api.w.org\/{rel}","templated":true}]}}